{"id":3,"date":"2025-04-11T19:34:32","date_gmt":"2025-04-11T19:34:32","guid":{"rendered":"https:\/\/webangel.marketing\/pl\/?page_id=3"},"modified":"2025-04-11T23:33:04","modified_gmt":"2025-04-11T21:33:04","slug":"privacy-policy","status":"publish","type":"page","link":"https:\/\/webangel.marketing\/pl\/privacy-policy\/","title":{"rendered":"Terms and Conditions"},"content":{"rendered":"\t\t<div data-elementor-type=\"wp-page\" data-elementor-id=\"3\" class=\"elementor elementor-3\" data-elementor-post-type=\"page\">\n\t\t\t\t<div class=\"elementor-element elementor-element-2cde6d1 e-flex e-con-boxed e-con e-parent\" data-id=\"2cde6d1\" data-element_type=\"container\" data-e-type=\"container\" data-settings=\"{&quot;background_background&quot;:&quot;classic&quot;}\">\n\t\t\t\t\t<div class=\"e-con-inner\">\n\t\t\t\t<div class=\"elementor-element elementor-element-046dd26 elementor-widget elementor-widget-heading\" data-id=\"046dd26\" data-element_type=\"widget\" data-e-type=\"widget\" data-widget_type=\"heading.default\">\n\t\t\t\t<div class=\"elementor-widget-container\">\n\t\t\t\t\t<h1 class=\"elementor-heading-title elementor-size-default\">Regulamin \u2013 Web Angel Marketing<\/h1>\t\t\t\t<\/div>\n\t\t\t\t<\/div>\n\t\t\t\t\t<\/div>\n\t\t\t\t<\/div>\n\t\t<div class=\"elementor-element elementor-element-76f73d1 e-flex e-con-boxed e-con e-parent\" data-id=\"76f73d1\" data-element_type=\"container\" data-e-type=\"container\">\n\t\t\t\t\t<div class=\"e-con-inner\">\n\t\t\t\t<div class=\"elementor-element elementor-element-0ad51c6 elementor-widget elementor-widget-text-editor\" data-id=\"0ad51c6\" data-element_type=\"widget\" data-e-type=\"widget\" data-widget_type=\"text-editor.default\">\n\t\t\t\t<div class=\"elementor-widget-container\">\n\t\t\t\t\t\t\t\t\t<h2 data-start=\"249\" data-end=\"295\"><strong data-start=\"249\" data-end=\"295\">Ostatnia aktualizacja: 12 kwietnia 2025 r.<\/strong><\/h2><p class=\"\" data-start=\"297\" data-end=\"754\">Witamy w Web Angel Marketing! Niniejszy Regulamin (\u201eRegulamin\u201d) okre\u015bla zasady korzystania z naszej strony internetowej, us\u0142ug cyfrowych oraz produkt\u00f3w oferowanych pod adresem [<a class=\"\" href=\"https:\/\/webangel.marketing\/pl\/\" target=\"_new\" rel=\"noopener\">https:\/\/webangel.marketing\/pl\/<\/a>]. Prosimy o uwa\u017cne zapoznanie si\u0119 z niniejszym Regulaminem. Uzyskuj\u0105c dost\u0119p do naszej strony lub z niej korzystaj\u0105c, akceptujesz poni\u017csze warunki. Je\u015bli nie zgadzasz si\u0119 z kt\u00f3rymkolwiek z punkt\u00f3w, prosimy o niekorzystanie z naszej strony ani us\u0142ug.<\/p><h3 class=\"\" data-start=\"761\" data-end=\"796\">1\ufe0f\u20e3 <strong data-start=\"769\" data-end=\"794\">Akceptacja Regulaminu<\/strong><\/h3><p class=\"\" data-start=\"797\" data-end=\"1029\">Korzystaj\u0105c z naszej strony internetowej lub us\u0142ug, potwierdzasz, \u017ce przeczyta\u0142e\u015b\/a\u015b, zrozumia\u0142e\u015b\/a\u015b i akceptujesz niniejszy Regulamin, a tak\u017ce wszelkie dodatkowe zasady, polityki i aktualizacje, kt\u00f3re mog\u0105 by\u0107 publikowane okresowo.<\/p><p class=\"\" data-start=\"1031\" data-end=\"1231\">Web Angel zastrzega sobie prawo do modyfikowania niniejszego Regulaminu w dowolnym momencie bez wcze\u015bniejszego powiadomienia. Dalsze korzystanie ze strony oznacza akceptacj\u0119 zaktualizowanych warunk\u00f3w.<\/p><h3 class=\"\" data-start=\"1238\" data-end=\"1273\">2\ufe0f\u20e3 <strong data-start=\"1246\" data-end=\"1271\">Obowi\u0105zki u\u017cytkownika<\/strong><\/h3><p class=\"\" data-start=\"1274\" data-end=\"1330\">Uzyskuj\u0105c dost\u0119p do naszej strony, zobowi\u0105zujesz si\u0119 do:<\/p><ul data-start=\"1332\" data-end=\"1895\"><li class=\"\" data-start=\"1332\" data-end=\"1453\"><p class=\"\" data-start=\"1334\" data-end=\"1453\">Zachowania poufno\u015bci danych logowania oraz odpowiedzialno\u015bci za wszelkie dzia\u0142ania wykonywane w ramach Twojego konta.<\/p><\/li><li class=\"\" data-start=\"1454\" data-end=\"1598\"><p class=\"\" data-start=\"1456\" data-end=\"1598\">Korzystania z serwisu wy\u0142\u0105cznie w celach zgodnych z prawem i przestrzegania wszelkich obowi\u0105zuj\u0105cych przepis\u00f3w lokalnych i mi\u0119dzynarodowych.<\/p><\/li><li class=\"\" data-start=\"1599\" data-end=\"1762\"><p class=\"\" data-start=\"1601\" data-end=\"1762\">Niezamieszczania ani nieudost\u0119pniania tre\u015bci szkodliwych, znies\u0142awiaj\u0105cych, obscenicznych, naruszaj\u0105cych prawa, oszuka\u0144czych lub w inny spos\u00f3b nieodpowiednich.<\/p><\/li><li class=\"\" data-start=\"1763\" data-end=\"1895\"><p class=\"\" data-start=\"1765\" data-end=\"1895\">Powstrzymania si\u0119 od dzia\u0142a\u0144 zak\u0142\u00f3caj\u0105cych funkcjonowanie strony lub wp\u0142ywaj\u0105cych negatywnie na do\u015bwiadczenia innych u\u017cytkownik\u00f3w.<\/p><\/li><\/ul><h3 class=\"\" data-start=\"1902\" data-end=\"1928\">3\ufe0f\u20e3 <strong data-start=\"1910\" data-end=\"1926\">Zakres us\u0142ug<\/strong><\/h3><p class=\"\" data-start=\"1929\" data-end=\"2002\">Web Angel oferuje szeroki zakres us\u0142ug marketingu cyfrowego, w tym m.in.:<\/p><ul data-start=\"2004\" data-end=\"2210\"><li class=\"\" data-start=\"2004\" data-end=\"2050\"><p class=\"\" data-start=\"2006\" data-end=\"2050\">Optymalizacja pod k\u0105tem wyszukiwarek (SEO)<\/p><\/li><li class=\"\" data-start=\"2051\" data-end=\"2092\"><p class=\"\" data-start=\"2053\" data-end=\"2092\">Zarz\u0105dzanie mediami spo\u0142eczno\u015bciowymi<\/p><\/li><li class=\"\" data-start=\"2093\" data-end=\"2127\"><p class=\"\" data-start=\"2095\" data-end=\"2127\">Marketing tre\u015bci i copywriting<\/p><\/li><li class=\"\" data-start=\"2128\" data-end=\"2149\"><p class=\"\" data-start=\"2130\" data-end=\"2149\">Budowa backlink\u00f3w<\/p><\/li><li class=\"\" data-start=\"2150\" data-end=\"2180\"><p class=\"\" data-start=\"2152\" data-end=\"2180\">Us\u0142ugi projektowania UX\/UI<\/p><\/li><li class=\"\" data-start=\"2181\" data-end=\"2210\"><p class=\"\" data-start=\"2183\" data-end=\"2210\">Kampanie reklamowe online<\/p><\/li><\/ul><p class=\"\" data-start=\"2212\" data-end=\"2379\">Wszystkie us\u0142ugi s\u0105 \u015bwiadczone w zale\u017cno\u015bci od dost\u0119pno\u015bci i mog\u0105 by\u0107 zmieniane, aktualizowane lub wycofywane wed\u0142ug naszego uznania, bez wcze\u015bniejszego powiadomienia.<\/p><h3 class=\"\" data-start=\"2386\" data-end=\"2417\">4\ufe0f\u20e3 <strong data-start=\"2394\" data-end=\"2415\">Warunki p\u0142atno\u015bci<\/strong><\/h3><ul data-start=\"2418\" data-end=\"2894\"><li class=\"\" data-start=\"2418\" data-end=\"2540\"><p class=\"\" data-start=\"2420\" data-end=\"2540\">Wszystkie op\u0142aty za us\u0142ugi s\u0105 okre\u015blone na naszej stronie internetowej lub ustalane indywidualnie w podpisanej umowie.<\/p><\/li><li class=\"\" data-start=\"2541\" data-end=\"2657\"><p class=\"\" data-start=\"2543\" data-end=\"2657\">P\u0142atno\u015bci musz\u0105 by\u0107 dokonywane w pe\u0142nej wysoko\u015bci i terminowo, za po\u015brednictwem bezpiecznych bramek p\u0142atniczych.<\/p><\/li><li class=\"\" data-start=\"2658\" data-end=\"2797\"><p class=\"\" data-start=\"2660\" data-end=\"2797\">Web Angel zastrzega sobie prawo do zawieszenia, ograniczenia lub zako\u0144czenia dost\u0119pu do us\u0142ug w przypadku op\u00f3\u017anie\u0144 lub braku p\u0142atno\u015bci.<\/p><\/li><li class=\"\" data-start=\"2798\" data-end=\"2894\"><p class=\"\" data-start=\"2800\" data-end=\"2894\">Ceny mog\u0105 podlega\u0107 podatkom i op\u0142atom za przewalutowanie, w zale\u017cno\u015bci od lokalizacji klienta.<\/p><\/li><\/ul><h3 class=\"\" data-start=\"2901\" data-end=\"2937\">5\ufe0f\u20e3 <strong data-start=\"2909\" data-end=\"2935\">W\u0142asno\u015b\u0107 intelektualna<\/strong><\/h3><p class=\"\" data-start=\"2938\" data-end=\"3167\">Wszystkie tre\u015bci, projekty, teksty, grafiki, logotypy, znaki towarowe i inne elementy dost\u0119pne na tej stronie s\u0105 wy\u0142\u0105czn\u0105 w\u0142asno\u015bci\u0105 Web Angel lub jej licencjodawc\u00f3w i s\u0105 chronione mi\u0119dzynarodowym prawem w\u0142asno\u015bci intelektualnej.<\/p><p class=\"\" data-start=\"3169\" data-end=\"3322\">Zabrania si\u0119 kopiowania, rozpowszechniania, modyfikowania lub wykorzystywania jakiejkolwiek zawarto\u015bci bez uprzedniej pisemnej zgody Web Angel Marketing.<\/p><h3 class=\"\" data-start=\"3329\" data-end=\"3363\">6\ufe0f\u20e3 <strong data-start=\"3337\" data-end=\"3361\">Polityka prywatno\u015bci<\/strong><\/h3><p class=\"\" data-start=\"3364\" data-end=\"3545\">Dbamy o bezpiecze\u0144stwo Twoich danych osobowych. Szczeg\u00f3\u0142y dotycz\u0105ce sposobu zbierania, przetwarzania, przechowywania i ochrony danych znajdziesz w naszej <strong data-start=\"3518\" data-end=\"3544\">[Polityce Prywatno\u015bci]<\/strong>.<\/p><h3 class=\"\" data-start=\"3552\" data-end=\"3596\">7\ufe0f\u20e3 <strong data-start=\"3560\" data-end=\"3594\">Ograniczenie odpowiedzialno\u015bci<\/strong><\/h3><p class=\"\" data-start=\"3597\" data-end=\"3639\">Web Angel nie ponosi odpowiedzialno\u015bci za:<\/p><ul data-start=\"3641\" data-end=\"3858\"><li class=\"\" data-start=\"3641\" data-end=\"3712\"><p class=\"\" data-start=\"3643\" data-end=\"3712\">Szkody bezpo\u015brednie, po\u015brednie, przypadkowe, wynikowe ani specjalne<\/p><\/li><li class=\"\" data-start=\"3713\" data-end=\"3858\"><p class=\"\" data-start=\"3715\" data-end=\"3858\">Utraty danych, przerwy w dzia\u0142alno\u015bci, straty finansowe wynikaj\u0105ce z korzystania (lub braku mo\u017cliwo\u015bci korzystania) z naszej strony lub us\u0142ug<\/p><\/li><\/ul><p class=\"\" data-start=\"3860\" data-end=\"3982\">Dok\u0142adamy wszelkich stara\u0144, aby tre\u015bci by\u0142y rzetelne i aktualne, jednak nie gwarantujemy ich kompletno\u015bci lub dok\u0142adno\u015bci.<\/p><h3 class=\"\" data-start=\"3989\" data-end=\"4019\">8\ufe0f\u20e3 <strong data-start=\"3997\" data-end=\"4017\">Linki zewn\u0119trzne<\/strong><\/h3><p class=\"\" data-start=\"4020\" data-end=\"4248\">Nasza strona mo\u017ce zawiera\u0107 linki do witryn lub narz\u0119dzi stron trzecich w celach informacyjnych. Strony te podlegaj\u0105 w\u0142asnym regulaminom i politykom prywatno\u015bci. Web Angel nie ponosi odpowiedzialno\u015bci za ich tre\u015bci ani dzia\u0142ania.<\/p><p class=\"\" data-start=\"4250\" data-end=\"4356\">Zalecamy zapoznanie si\u0119 z regulaminem i polityk\u0105 prywatno\u015bci ka\u017cdej zewn\u0119trznej witryny przed jej u\u017cyciem.<\/p><h3 class=\"\" data-start=\"4363\" data-end=\"4396\">9\ufe0f\u20e3 <strong data-start=\"4371\" data-end=\"4394\">Zako\u0144czenie dost\u0119pu<\/strong><\/h3><p class=\"\" data-start=\"4397\" data-end=\"4636\">Zastrzegamy sobie prawo do zawieszenia lub zako\u0144czenia Twojego dost\u0119pu do strony i us\u0142ug w dowolnym momencie, bez podania przyczyny lub wcze\u015bniejszego powiadomienia, w przypadku naruszenia niniejszego Regulaminu lub z powod\u00f3w operacyjnych.<\/p><h3 class=\"\" data-start=\"4643\" data-end=\"4684\">\ud83d\udd1f <strong data-start=\"4650\" data-end=\"4682\">Prawo w\u0142a\u015bciwe i jurysdykcja<\/strong><\/h3><p class=\"\" data-start=\"4685\" data-end=\"4847\">Niniejszy Regulamin podlega prawu Unii Europejskiej.<br data-start=\"4737\" data-end=\"4740\" \/>Wszelkie spory wynikaj\u0105ce z niniejszego Regulaminu b\u0119d\u0105 rozstrzygane przez w\u0142a\u015bciwe s\u0105dy Unii Europejskiej.<\/p><h3 class=\"\" data-start=\"4854\" data-end=\"4910\">1\ufe0f\u20e31\ufe0f\u20e3 <strong data-start=\"4865\" data-end=\"4908\">Zgodno\u015b\u0107 z RODO (dla u\u017cytkownik\u00f3w z UE)<\/strong><\/h3><p class=\"\" data-start=\"4911\" data-end=\"5051\">Je\u015bli jeste\u015b mieszka\u0144cem Unii Europejskiej, przys\u0142uguj\u0105 Ci okre\u015blone prawa na mocy Rozporz\u0105dzenia o Ochronie Danych Osobowych (RODO), w tym:<\/p><ul data-start=\"5053\" data-end=\"5191\"><li class=\"\" data-start=\"5053\" data-end=\"5104\"><p class=\"\" data-start=\"5055\" data-end=\"5104\">Prawo dost\u0119pu, poprawiania lub usuni\u0119cia danych<\/p><\/li><li class=\"\" data-start=\"5105\" data-end=\"5135\"><p class=\"\" data-start=\"5107\" data-end=\"5135\">Ograniczenia przetwarzania<\/p><\/li><li class=\"\" data-start=\"5136\" data-end=\"5158\"><p class=\"\" data-start=\"5138\" data-end=\"5158\">Prawo do sprzeciwu<\/p><\/li><li class=\"\" data-start=\"5159\" data-end=\"5191\"><p class=\"\" data-start=\"5161\" data-end=\"5191\">Prawo do przenoszenia danych<\/p><\/li><\/ul><p class=\"\" data-start=\"5193\" data-end=\"5374\">Web Angel Marketing przetwarza Twoje dane osobowe zgodnie z obowi\u0105zuj\u0105cymi przepisami, stosuj\u0105c odpowiednie zabezpieczenia. Szczeg\u00f3\u0142y znajdziesz w naszej <strong data-start=\"5347\" data-end=\"5373\">[Polityce Prywatno\u015bci]<\/strong>.<\/p><h3 class=\"\" data-start=\"5381\" data-end=\"5411\">1\ufe0f\u20e32\ufe0f\u20e3 <strong data-start=\"5392\" data-end=\"5411\">Dane kontaktowe<\/strong><\/h3><p class=\"\" data-start=\"5413\" data-end=\"5504\">Je\u015bli masz pytania lub w\u0105tpliwo\u015bci dotycz\u0105ce niniejszego Regulaminu, skontaktuj si\u0119 z nami:<\/p><p class=\"\" data-start=\"5506\" data-end=\"5645\"><strong data-start=\"5506\" data-end=\"5529\">Web Angel Marketing<\/strong><br data-start=\"5529\" data-end=\"5532\" \/>\ud83d\udce7 E-mail: [<a rel=\"noopener\">info@webangel.marketing<\/a>]<br data-start=\"5568\" data-end=\"5571\" \/>\ud83d\udcde Telefon: [+98-9129175306]<br data-start=\"5599\" data-end=\"5602\" \/>\ud83c\udf10 Strona: [<a class=\"\" href=\"https:\/\/webangel.marketing\/pl\/\" target=\"_new\" rel=\"noopener\">https:\/\/webangel.marketing\/pl\/<\/a>]<\/p>\t\t\t\t\t\t\t\t<\/div>\n\t\t\t\t<\/div>\n\t\t\t\t\t<\/div>\n\t\t\t\t<\/div>\n\t\t\t\t<\/div>\n\t\t","protected":false},"excerpt":{"rendered":"<p>Regulamin \u2013 Web Angel Marketing Ostatnia aktualizacja: 12 kwietnia 2025 r. Witamy w Web Angel Marketing! Niniejszy Regulamin (\u201eRegulamin\u201d) okre\u015bla zasady korzystania z naszej strony internetowej, us\u0142ug cyfrowych oraz produkt\u00f3w oferowanych pod adresem [https:\/\/webangel.marketing\/pl\/]. Prosimy o uwa\u017cne zapoznanie si\u0119 z niniejszym Regulaminem. Uzyskuj\u0105c dost\u0119p do naszej strony lub z niej korzystaj\u0105c, akceptujesz poni\u017csze warunki. Je\u015bli [&hellip;]<\/p>\n","protected":false},"author":1,"featured_media":0,"parent":0,"menu_order":0,"comment_status":"closed","ping_status":"open","template":"","meta":{"footnotes":""},"class_list":["post-3","page","type-page","status-publish","hentry"],"_links":{"self":[{"href":"https:\/\/webangel.marketing\/pl\/wp-json\/wp\/v2\/pages\/3","targetHints":{"allow":["GET"]}}],"collection":[{"href":"https:\/\/webangel.marketing\/pl\/wp-json\/wp\/v2\/pages"}],"about":[{"href":"https:\/\/webangel.marketing\/pl\/wp-json\/wp\/v2\/types\/page"}],"author":[{"embeddable":true,"href":"https:\/\/webangel.marketing\/pl\/wp-json\/wp\/v2\/users\/1"}],"replies":[{"embeddable":true,"href":"https:\/\/webangel.marketing\/pl\/wp-json\/wp\/v2\/comments?post=3"}],"version-history":[{"count":0,"href":"https:\/\/webangel.marketing\/pl\/wp-json\/wp\/v2\/pages\/3\/revisions"}],"wp:attachment":[{"href":"https:\/\/webangel.marketing\/pl\/wp-json\/wp\/v2\/media?parent=3"}],"curies":[{"name":"wp","href":"https:\/\/api.w.org\/{rel}","templated":true}]}}